{"id":2112,"date":"2019-05-01T23:36:16","date_gmt":"2019-05-01T23:36:16","guid":{"rendered":"https:\/\/www.bancorp.co.nz\/ch\/?page_id=2112"},"modified":"2023-12-06T14:08:47","modified_gmt":"2023-12-06T01:08:47","slug":"kakapo","status":"publish","type":"page","link":"https:\/\/www.bancorp.co.nz\/ch\/kakapo\/","title":{"rendered":"K\u0101kapo"},"content":{"rendered":"<section class=\"wpb-content-wrapper\"><p>[vc_row full_width=&#8221;stretch_row&#8221; css=&#8221;.vc_custom_1556510933235{padding-top: 100px !important;padding-bottom: 100px !important;background-image: url(https:\/\/www.bancorp.co.nz\/ch\/wp-content\/uploads\/2019\/04\/pagetitlebg.png?id=1880) !important;background-position: center !important;background-repeat: no-repeat !important;background-size: cover !important;}&#8221; el_class=&#8221;gradient2&#8243;][vc_column width=&#8221;1\/6&#8243;][\/vc_column][vc_column width=&#8221;4\/6&#8243;][vc_custom_heading text=&#8221;K\u0101k\u0101p\u014d Fund Limited Partnership&#8221; font_container=&#8221;tag:h2|font_size:28px|text_align:center|color:%23ffffff&#8221; use_theme_fonts=&#8221;yes&#8221;][vc_empty_space height=&#8221;10px&#8221;][vc_raw_html]JTNDZGl2JTIwc3R5bGUlM0QlMjJoZWlnaHQlM0ElMjAxNXB4JTNCJTIwYm9yZGVyLWJvdHRvbSUzQSUyMDJweCUyMHNvbGlkJTIwJTIzYzc4ODEyJTIwJTIxaW1wb3J0YW50JTNCJTIwbWF4LXdpZHRoJTNBJTIwMTAwcHglM0IlMjBtYXJnaW4lM0ElMjAwcHglMjBhdXRvJTNCJTIwbWFyZ2luLWJvdHRvbSUzQSUyMDIwcHglM0IlMjIlM0UlM0MlMkZkaXYlM0U=[\/vc_raw_html][vc_custom_heading text=&#8221;Powering Sustainable Growth in New Zealand.&#8221; font_container=&#8221;tag:div|font_size:16px|text_align:center|color:%23ffffff&#8221; use_theme_fonts=&#8221;yes&#8221;][\/vc_column][vc_column width=&#8221;1\/6&#8243;][\/vc_column][\/vc_row][vc_row full_width=&#8221;stretch_row&#8221; css=&#8221;.vc_custom_1556532453907{padding-top: 60px !important;padding-bottom: 60px !important;background: #ffffff url(https:\/\/www.bancorp.co.nz\/ch\/wp-content\/uploads\/2019\/04\/undersliderbg.png?id=1752) !important;background-position: center !important;background-repeat: no-repeat !important;background-size: cover !important;}&#8221;][vc_column][vc_single_image image=&#8221;8503&#8243; img_size=&#8221;medium&#8221; alignment=&#8221;center&#8221;][vc_column_text css=&#8221;.vc_custom_1701117077802{padding-top: 20px !important;}&#8221;]<\/p>\n<p style=\"text-align: center;\"><span style=\"color: #fff;\">The K\u0101k\u0101p\u014d Responsible Investment Partnership, has been designed to provide access to the private equity investment category whilst delivering<br \/>\ndistributions, capital growth, and environmental and social impacts.<\/span>[\/vc_column_text][vc_empty_space height=&#8221;20px&#8221;][vc_empty_space height=&#8221;6px&#8221;][vc_empty_space height=&#8221;20px&#8221;][\/vc_column][\/vc_row][vc_row css=&#8221;.vc_custom_1701117432145{border-bottom-width: 50px !important;padding-top: 50px !important;background-color: #ffffff !important;}&#8221;][vc_column css_animation=&#8221;none&#8221; width=&#8221;1\/2&#8243;][vc_column_text]<\/p>\n<h2 style=\"color: #002d45; font-size: 26px; font-weight: bold; text-align: left;\">Invest in Established Businesses<\/h2>\n<p>[\/vc_column_text][vc_column_text css=&#8221;.vc_custom_1701117113711{padding-top: 20px !important;}&#8221;]<\/p>\n<p style=\"text-align: left;\">K\u0101k\u0101p\u014d\u2019s investments are focused on existing environmentally or socially impactful businesses or ones which the Manager considers it can drive change capable of making an improved environmental, social and\/or governance (\u201cESG\u201d) impact.<\/p>\n<p>[\/vc_column_text][vc_column_text]<\/p>\n<h2 style=\"color: #002d45; font-size: 26px; font-weight: bold; text-align: left;\"> Distributions<\/h2>\n<p>[\/vc_column_text][vc_column_text css=&#8221;.vc_custom_1701117167130{padding-top: 20px !important;}&#8221;]<\/p>\n<p style=\"text-align: left;\">K\u0101k\u0101p\u014d\u00a0targets making quarterly distributions from the portfolio once fully invested.<\/p>\n<p>[\/vc_column_text][vc_column_text]<\/p>\n<h2 style=\"color: #002d45; font-size: 26px; font-weight: bold; text-align: left;\">Direct Investment<\/h2>\n<p>[\/vc_column_text][vc_column_text css=&#8221;.vc_custom_1701117199657{padding-top: 20px !important;}&#8221;]<\/p>\n<p style=\"text-align: left;\">The limited partnership investment model allows investors to effectively have direct investment in each of the businesses Kakapo owns.<\/p>\n<p>[\/vc_column_text][vc_column_text]<\/p>\n<h2 style=\"color: #002d45; font-size: 26px; font-weight: bold; text-align: left;\">Responsible Focus<\/h2>\n<p>[\/vc_column_text][vc_column_text css=&#8221;.vc_custom_1701117238429{padding-top: 20px !important;}&#8221;]<\/p>\n<p style=\"text-align: left;\">Our fund delivers a winning combination: enjoy distributions, long-term capital growth, and ESG Impact investing.<\/p>\n<p>[\/vc_column_text][vc_empty_space][\/vc_column][vc_column width=&#8221;1\/2&#8243;][vc_single_image image=&#8221;9648&#8243; img_size=&#8221;full&#8221; css=&#8221;.vc_custom_1701824909268{padding-top: 50px !important;padding-bottom: 50px !important;}&#8221;][\/vc_column][\/vc_row][vc_row full_width=&#8221;stretch_row_content_no_spaces&#8221;][vc_column]\n\t\t\t<!-- START LetsGetStarted REVOLUTION SLIDER 6.7.23 --><p class=\"rs-p-wp-fix\"><\/p>\n\t\t\t<rs-module-wrap id=\"rev_slider_3_1_wrapper\" data-source=\"gallery\" style=\"visibility:hidden;background:#012841;padding:0;margin:0px auto;margin-top:0;margin-bottom:0;\">\n\t\t\t\t<rs-module id=\"rev_slider_3_1\" style=\"\" data-version=\"6.7.23\">\n\t\t\t\t\t<rs-slides style=\"overflow: hidden; position: absolute;\">\n\t\t\t\t\t\t<rs-slide style=\"position: absolute;\" data-key=\"rs-9\" data-title=\"Slide\" data-anim=\"ms:600;r:0;\" data-in=\"o:0;\" data-out=\"a:false;\">\n\t\t\t\t\t\t\t<img decoding=\"async\" src=\"\/\/www.bancorp.co.nz\/\/wp-content\/addons\/revslider\/sr6\/assets\/assets\/dummy.png\" alt=\"\" title=\"K\u0101kapo\" class=\"rev-slidebg tp-rs-img rs-lazyload\" data-lazyload=\"\/\/www.bancorp.co.nz\/ch\/wp-content\/uploads\/2019\/07\/bluebottomslider.jpg\" data-no-retina>\n<!--\n\t\t\t\t\t\t\t--><rs-layer\n\t\t\t\t\t\t\t\tid=\"slider-3-slide-9-layer-1\" \n\t\t\t\t\t\t\t\tdata-type=\"text\"\n\t\t\t\t\t\t\t\tdata-color=\"#ffffff\"\n\t\t\t\t\t\t\t\tdata-xy=\"x:c;y:c;yo:-135px;\"\n\t\t\t\t\t\t\t\tdata-text=\"s:30;l:80;a:center;\"\n\t\t\t\t\t\t\t\tdata-frame_0=\"y:-100%;o:1;\"\n\t\t\t\t\t\t\t\tdata-frame_0_mask=\"u:t;\"\n\t\t\t\t\t\t\t\tdata-frame_1=\"sp:1500;sR:10;\"\n\t\t\t\t\t\t\t\tdata-frame_1_mask=\"u:t;\"\n\t\t\t\t\t\t\t\tdata-frame_999=\"o:0;st:w;sR:7490;\"\n\t\t\t\t\t\t\t\tstyle=\"z-index:5;font-family:'Playfair Display';\"\n\t\t\t\t\t\t\t><div class=\"slider-sub\">\u5f00\u59cb\u884c\u52a8\u5427<\/div> \n\t\t\t\t\t\t\t<\/rs-layer><!--\n\n\t\t\t\t\t\t\t--><rs-layer\n\t\t\t\t\t\t\t\tid=\"slider-3-slide-9-layer-3\" \n\t\t\t\t\t\t\t\tdata-type=\"text\"\n\t\t\t\t\t\t\t\tdata-color=\"#ffffff\"\n\t\t\t\t\t\t\t\tdata-xy=\"x:c;xo:1px;y:c;yo:-45px;\"\n\t\t\t\t\t\t\t\tdata-text=\"s:34;l:45;a:inherit;\"\n\t\t\t\t\t\t\t\tdata-frame_0=\"y:-100%;o:1;\"\n\t\t\t\t\t\t\t\tdata-frame_0_mask=\"u:t;\"\n\t\t\t\t\t\t\t\tdata-frame_1=\"sp:1500;sR:10;\"\n\t\t\t\t\t\t\t\tdata-frame_1_mask=\"u:t;\"\n\t\t\t\t\t\t\t\tdata-frame_999=\"o:0;st:w;sR:7490;\"\n\t\t\t\t\t\t\t\tstyle=\"z-index:6;font-family:'Josefin Sans';\"\n\t\t\t\t\t\t\t><div class=\"slider-title\">\u60a8\u5bf9\u63d0\u5347\u672a\u6765\u76c8\u5229\u80fd\u529b\u7684\u613f\u666f\u662f\u4ec0\u4e48\uff1f<\/div> \n\t\t\t\t\t\t\t<\/rs-layer><!--\n\n\t\t\t\t\t\t\t--><rs-layer\n\t\t\t\t\t\t\t\tid=\"slider-3-slide-9-layer-7\" \n\t\t\t\t\t\t\t\tdata-type=\"text\"\n\t\t\t\t\t\t\t\tdata-color=\"#c78812\"\n\t\t\t\t\t\t\t\tdata-xy=\"x:c;xo:-1px;y:c;yo:181px;\"\n\t\t\t\t\t\t\t\tdata-text=\"l:22;a:inherit;\"\n\t\t\t\t\t\t\t\tdata-vbility=\"t,t,t,f\"\n\t\t\t\t\t\t\t\tdata-frame_0=\"y:-100%;o:1;\"\n\t\t\t\t\t\t\t\tdata-frame_0_mask=\"u:t;\"\n\t\t\t\t\t\t\t\tdata-frame_1=\"sp:1500;sR:10;\"\n\t\t\t\t\t\t\t\tdata-frame_1_mask=\"u:t;\"\n\t\t\t\t\t\t\t\tdata-frame_999=\"o:0;st:w;sR:7490;\"\n\t\t\t\t\t\t\t\tstyle=\"z-index:7;font-family:'Playfair Display';\"\n\t\t\t\t\t\t\t><a class=\"button line\" href=\"https:\/\/www.bancorp.co.nz\/ch\/contact-us\/\" style=\"font-family: Playfair Display;text-transform: none;color: #c78812;font-size: 20px;letter-spacing: 0px;font-weight: 600;\">\u7acb\u5373\u8054\u7cfb\u6211\u4eec<\/a> \n\t\t\t\t\t\t\t<\/rs-layer><!--\n\n\t\t\t\t\t\t\t--><rs-layer\n\t\t\t\t\t\t\t\tid=\"slider-3-slide-9-layer-9\" \n\t\t\t\t\t\t\t\tclass=\"tp-shape tp-shapewrapper\"\n\t\t\t\t\t\t\t\tdata-type=\"shape\"\n\t\t\t\t\t\t\t\tdata-rsp_ch=\"on\"\n\t\t\t\t\t\t\t\tdata-xy=\"x:c;y:c;yo:16px;\"\n\t\t\t\t\t\t\t\tdata-text=\"a:inherit;\"\n\t\t\t\t\t\t\t\tdata-dim=\"w:100px;h:2px;\"\n\t\t\t\t\t\t\t\tdata-frame_0=\"y:-100%;o:1;\"\n\t\t\t\t\t\t\t\tdata-frame_0_mask=\"u:t;\"\n\t\t\t\t\t\t\t\tdata-frame_1=\"sp:1500;sR:10;\"\n\t\t\t\t\t\t\t\tdata-frame_1_mask=\"u:t;\"\n\t\t\t\t\t\t\t\tdata-frame_999=\"o:0;st:w;sR:7490;\"\n\t\t\t\t\t\t\t\tstyle=\"z-index:8;background-color:#c78812;\"\n\t\t\t\t\t\t\t> \n\t\t\t\t\t\t\t<\/rs-layer><!--\n\n\t\t\t\t\t\t\t--><rs-layer\n\t\t\t\t\t\t\t\tid=\"slider-3-slide-9-layer-11\" \n\t\t\t\t\t\t\t\tdata-type=\"text\"\n\t\t\t\t\t\t\t\tdata-color=\"#ffffff\"\n\t\t\t\t\t\t\t\tdata-xy=\"x:c;y:c;yo:92px;\"\n\t\t\t\t\t\t\t\tdata-text=\"s:16;l:20;a:center;\"\n\t\t\t\t\t\t\t\tdata-frame_0=\"y:-100%;o:1;\"\n\t\t\t\t\t\t\t\tdata-frame_0_mask=\"u:t;\"\n\t\t\t\t\t\t\t\tdata-frame_1=\"sp:1500;sR:10;\"\n\t\t\t\t\t\t\t\tdata-frame_1_mask=\"u:t;\"\n\t\t\t\t\t\t\t\tdata-frame_999=\"o:0;st:w;sR:7490;\"\n\t\t\t\t\t\t\t\tstyle=\"z-index:9;font-family:'Lato';\"\n\t\t\t\t\t\t\t><div class=\"slider-title\">\u5728Bancorp\u6211\u4eec\u6df1\u77e5\uff0c\u521b\u65b0\u662f\u6211\u4eec\u575a\u6301\u5353\u8d8a\u6807\u51c6\u7684\u5173\u952e\u3002<br \/>\u6211\u4eec\u56e2\u961f\u7684\u4e13\u4e1a\u77e5\u8bc6\u548c\u89e3\u51b3\u95ee\u9898\u7684\u7ecf\u9a8c\u4e0e\u80fd\u529b\uff0c\u5fc5\u5b9a\u80fd\u5e2e\u52a9\u5ba2\u6237\u5728\u4ea4\u6613\u4e2d\u53d6\u5f97\u6df1\u8fdc\u6301\u4e45\u7684\u4ef7\u503c\uff0c\u4e3a\u4f01\u4e1a\u63d0\u4f9b\u652f\u6301\uff0c\u52a9\u5176\u53d1\u5c55\u3002 <\/div> \n\t\t\t\t\t\t\t<\/rs-layer><!--\n-->\t\t\t\t\t<\/rs-slide>\n\t\t\t\t\t<\/rs-slides>\n\t\t\t\t<\/rs-module>\n\t\t\t\t<script>\n\t\t\t\t\tsetREVStartSize({c: 'rev_slider_3_1',rl:[1240,1024,778,480],el:[620],gw:[1280],gh:[620],type:'standard',justify:'',layout:'fullwidth',mh:\"0\"});if (window.RS_MODULES!==undefined && window.RS_MODULES.modules!==undefined && window.RS_MODULES.modules[\"revslider31\"]!==undefined) {window.RS_MODULES.modules[\"revslider31\"].once = false;window.revapi3 = undefined;if (window.RS_MODULES.checkMinimal!==undefined) window.RS_MODULES.checkMinimal()}\n\t\t\t\t<\/script>\n\t\t\t<\/rs-module-wrap>\n\t\t\t<!-- END REVOLUTION SLIDER -->\n[\/vc_column][\/vc_row]<\/p>\n<\/section>","protected":false},"excerpt":{"rendered":"<p>[vc_row full_width=&#8221;stretch_row&#8221; css=&#8221;.vc_custom_1556510933235{padding-top: 100px !important;padding-bottom: 100px !important;background-image: url(https:\/\/www.bancorp.co.nz\/ch\/wp-content\/uploads\/2019\/04\/pagetitlebg.png?id=1880) !important;background-position: center !important;background-repeat: no-repeat !important;background-size: cover !important;}&#8221; el_class=&#8221;gradient2&#8243;][vc_column width=&#8221;1\/6&#8243;][\/vc_column][vc_column width=&#8221;4\/6&#8243;][vc_custom_heading text=&#8221;K\u0101k\u0101p\u014d Fund Limited Partnership&#8221; font_container=&#8221;tag:h2|font_size:28px|text_align:center|color:%23ffffff&#8221; use_theme_fonts=&#8221;yes&#8221;][vc_empty_space height=&#8221;10px&#8221;][vc_raw_html]JTNDZGl2JTIwc3R5bGUlM0QlMjJoZWlnaHQlM0ElMjAxNXB4JTNCJTIwYm9yZGVyLWJvdHRvbSUzQSUyMDJweCUyMHNvbGlkJTIwJTIzYzc4ODEyJTIwJTIxaW1wb3J0YW50JTNCJTIwbWF4LXdpZHRoJTNBJTIwMTAwcHglM0IlMjBtYXJnaW4lM0ElMjAwcHglMjBhdXRvJTNCJTIwbWFyZ2luLWJvdHRvbSUzQSUyMDIwcHglM0IlMjIlM0UlM0MlMkZkaXYlM0U=[\/vc_raw_html][vc_custom_heading text=&#8221;Powering Sustainable Growth in New Zealand.&#8221; font_container=&#8221;tag:div|font_size:16px|text_align:center|color:%23ffffff&#8221; use_theme_fonts=&#8221;yes&#8221;][\/vc_column][vc_column width=&#8221;1\/6&#8243;][\/vc_column][\/vc_row][vc_row full_width=&#8221;stretch_row&#8221; css=&#8221;.vc_custom_1556532453907{padding-top: 60px !important;padding-bottom: 60px !important;background: #ffffff url(https:\/\/www.bancorp.co.nz\/ch\/wp-content\/uploads\/2019\/04\/undersliderbg.png?id=1752) !important;background-position: center !important;background-repeat: no-repeat !important;background-size: cover !important;}&#8221;][vc_column][vc_single_image image=&#8221;8503&#8243; img_size=&#8221;medium&#8221; alignment=&#8221;center&#8221;][vc_column_text css=&#8221;.vc_custom_1701117077802{padding-top: 20px !important;}&#8221;] [&hellip;]<\/p>\n","protected":false},"author":1,"featured_media":0,"parent":0,"menu_order":0,"comment_status":"closed","ping_status":"closed","template":"","meta":{"_acf_changed":false,"footnotes":"","_links_to":"","_links_to_target":""},"class_list":["post-2112","page","type-page","status-publish","hentry"],"acf":[],"_links":{"self":[{"href":"https:\/\/www.bancorp.co.nz\/ch\/wp-json\/wp\/v2\/pages\/2112","targetHints":{"allow":["GET"]}}],"collection":[{"href":"https:\/\/www.bancorp.co.nz\/ch\/wp-json\/wp\/v2\/pages"}],"about":[{"href":"https:\/\/www.bancorp.co.nz\/ch\/wp-json\/wp\/v2\/types\/page"}],"author":[{"embeddable":true,"href":"https:\/\/www.bancorp.co.nz\/ch\/wp-json\/wp\/v2\/users\/1"}],"replies":[{"embeddable":true,"href":"https:\/\/www.bancorp.co.nz\/ch\/wp-json\/wp\/v2\/comments?post=2112"}],"version-history":[{"count":7,"href":"https:\/\/www.bancorp.co.nz\/ch\/wp-json\/wp\/v2\/pages\/2112\/revisions"}],"predecessor-version":[{"id":9677,"href":"https:\/\/www.bancorp.co.nz\/ch\/wp-json\/wp\/v2\/pages\/2112\/revisions\/9677"}],"wp:attachment":[{"href":"https:\/\/www.bancorp.co.nz\/ch\/wp-json\/wp\/v2\/media?parent=2112"}],"curies":[{"name":"wp","href":"https:\/\/api.w.org\/{rel}","templated":true}]}}